{"id":10890,"date":"2022-06-17T11:32:53","date_gmt":"2022-06-17T09:32:53","guid":{"rendered":"https:\/\/staging.refhunter.org\/?page_id=10890"},"modified":"2022-07-24T10:17:37","modified_gmt":"2022-07-24T08:17:37","slug":"satzung","status":"publish","type":"page","link":"https:\/\/refhunter.org\/en\/satzung\/","title":{"rendered":"Satzung"},"content":{"rendered":"\n<h3 class=\"has-text-align-center wp-block-heading\">Satzung der RefHunter-Community<\/h3>\n\n\n\n<div style=\"height:40px\" aria-hidden=\"true\" class=\"wp-block-spacer\"><\/div>\n\n\n\n<p><strong>\u00a7 1 <\/strong><strong>Geltungsbereich der Satzung<\/strong><\/p>\n\n\n\n<p>Alle Mitglieder der RefHunter-Community verpflichten sich mit ihrer Registrierung auf der Webseite zur Einhaltung dieser Satzung.<\/p>\n\n\n\n<div style=\"height:20px\" aria-hidden=\"true\" class=\"wp-block-spacer\"><\/div>\n\n\n\n<p><strong>\u00a7 2 Zweck<\/strong><\/p>\n\n\n\n<p>Der prim\u00e4re Zweck der RefHunter-Community besteht in den folgenden Aufgaben:<\/p>\n\n\n\n<ol class=\"wp-block-list\"><li>Pflege und Weiterentwicklung der Webseite als kostenloses, frei zug\u00e4ngliches Angebot der Information und des fachlichen Austauschs zum Thema systematische Literaturrecherche.<\/li><li>F\u00f6rderung der methodischen Weiterentwicklung, des fachlich-methodischen Austauschs und der interdisziplin\u00e4ren Zusammenarbeit bez\u00fcglich des Themas systematische Literaturrecherche durch:<\/li><\/ol>\n\n\n\n<div class=\"wp-block-columns is-layout-flex wp-container-core-columns-is-layout-9d6595d7 wp-block-columns-is-layout-flex\">\n<div class=\"wp-block-column is-layout-flow wp-block-column-is-layout-flow\"><\/div>\n\n\n\n<div class=\"wp-block-column is-layout-flow wp-block-column-is-layout-flow\" style=\"flex-basis:95%\">\n<ul class=\"wp-block-list\"><li>Bereitstellung von Angeboten der Information, des fachlich-methodischen Austauschs und der Vernetzung auf der Webseite,<\/li><li>F\u00f6rderung von und\/oder Beteiligung an Projekten,<\/li><li>Wissenschaftliche Zusammenarbeit mit anderen Personen, Gruppen, Organisationen und Institutionen im In- und Ausland.<\/li><\/ul>\n<\/div>\n<\/div>\n\n\n\n<p><strong>\u00a7 3 Struktur<\/strong><\/p>\n\n\n\n<p>Die RefHunter-Community umfasst das inhaltlich und technisch f\u00fcr die Webseite verantwortliche Team, bestehend aus Administration und Bereichsverantwortlichen. Weiterhin umfasst sie alle sonstigen auf der Webseite registrierten Nutzerinnen und Nutzer. Diese Personengruppen haben entsprechend ihrer Rollen erweiterte Nutzungsrechte der Webseite.<\/p>\n\n\n\n<ol class=\"wp-block-list\"><li>Die Administration \u00fcbernimmt die technische Verwaltung der Webseite, vertritt die Gesch\u00e4fte der Community und trifft Entscheidungen zur (Weiter-)Entwicklung der Webseite. Zudem kann sie Bereichsverantwortliche vorl\u00e4ufig ernennen. Sie besteht aus bis zu f\u00fcnf Personen, von denen mindestens zwei die Rolle der Webseitenadministration innehaben und mindestens eine Person die Schriftf\u00fchrerschaft. Entscheidungen der Administration werden nach dem Prinzip der einfachen Mehrheit getroffen.<\/li><li>Die Bereichsverantwortlichen \u00fcbernehmen konkrete Aufgaben der technischen oder inhaltlichen Betreuung der Webseite bzw. ihrer Community und werden dazu von der Webseitenadministration mit den notwendigen Benutzerrollen versehen. Zu den Aufgaben z\u00e4hlen bspw. die Verantwortlichkeit f\u00fcr einzelne Datenbank\u00fcbersichten, die Moderation im Forum oder die (Weiter-)Entwicklung von Seiteninhalten.<\/li><li>Die registrierten Nutzerinnen und Nutzer k\u00f6nnen \u00c4nderungsvorschl\u00e4ge f\u00fcr Datenbank\u00fcbersichten einreichen, im Forum schreiben und anderen Mitgliedern der Community mithilfe der Webseitenfunktionen Nachrichten schreiben.<\/li><\/ol>\n\n\n\n<div style=\"height:20px\" aria-hidden=\"true\" class=\"wp-block-spacer\"><\/div>\n\n\n\n<p><strong>\u00a7 4 Entscheidungsfindung<\/strong><\/p>\n\n\n\n<p>Die Entscheidungsfindung innerhalb der RefHunter-Community zielt auf einen m\u00f6glichst demokratischen Prozess ab.<\/p>\n\n\n\n<ol class=\"wp-block-list\"><li>Der bevorzugte Weg der Entscheidungsfindung ist die Konsensfindung in Form eines transparenten Diskurses im Forum der Webseite.<\/li><li>Sollte eine diskursive Konsensfindung nicht m\u00f6glich bzw. sinnvoll sein und die Entscheidung nicht in die unter \u00a7 3 festgeschriebenen Aufgabenbereiche fallen, kann von der Administration mit einfacher Mehrheit oder von 25 % der Bereichsverantwortlichen eine Teambesprechung einberufen werden. Teambesprechungen werden von der Administration organisiert, k\u00f6nnen pers\u00f6nlich oder per Webkonferenz stattfinden und alle Bereichsverantwortlichen sind einzuladen. Bis sp\u00e4testens eine Woche vor der Teambesprechung muss die Einladung mit einer Tagesordnung verschickt worden sein, auf der alle Abstimmungspunkte vermerkt sind. Bereichsverantwortliche, die nicht anwesend sein k\u00f6nnen, haben die M\u00f6glichkeit, der Administration bis zum Datum der Besprechung schriftlich ihr Abstimmungsverhalten mitzuteilen. Die folgenden Punkte werden mittels einfacher Mehrheit in der Teambesprechung entschieden:<\/li><\/ol>\n\n\n\n<div class=\"wp-block-columns is-layout-flex wp-container-core-columns-is-layout-9d6595d7 wp-block-columns-is-layout-flex\">\n<div class=\"wp-block-column is-layout-flow wp-block-column-is-layout-flow\"><\/div>\n\n\n\n<div class=\"wp-block-column is-layout-flow wp-block-column-is-layout-flow\" style=\"flex-basis:95%\">\n<ul class=\"wp-block-list\"><li>Ernennung und Absetzung der Administration,<\/li><li>endg\u00fcltige Ernennung und Absetzung von Bereichsverantwortlichen,<\/li><li>Satzungs\u00e4nderungen,<\/li><li>Abstimmungspunkte, die bewusst von der Administration oder den Bereichsverantwortlichen in die Teambesprechung eingebracht werden.<\/li><\/ul>\n<\/div>\n<\/div>\n\n\n\n<ol class=\"wp-block-list\" start=\"3\"><li>Entscheidungen der Administration sowie der Teambesprechungen sind transparent im Forum zu dokumentieren.<\/li><li>Zum Ende jedes Jahres findet eine Teambesprechung statt, in der Bilanz \u00fcber das Jahr gezogen und ein Ausblick auf das kommende Jahr gegeben wird.<\/li><\/ol>\n\n\n\n<div style=\"height:20px\" aria-hidden=\"true\" class=\"wp-block-spacer\"><\/div>\n\n\n\n<p><strong>\u00a7 5 Pflichten der Mitglieder<\/strong><\/p>\n\n\n\n<ol class=\"wp-block-list\"><li>Die Zugangsdaten sind zu sch\u00fctzen und d\u00fcrfen nicht an Dritte weitergegeben werden. Eine Mehrfachregistrierung ist nicht erlaubt.<\/li><li>Innerhalb der Community wird Wert auf einen h\u00f6flichen und respektvollen Umgang gelegt. Alle Mitglieder verpflichten sich, keine Inhalte zu ver\u00f6ffentlichen, die gegen gute Sitten oder geltendes deutsches Recht versto\u00dfen. Dies betrifft insbesondere:<\/li><\/ol>\n\n\n\n<div class=\"wp-block-columns is-layout-flex wp-container-core-columns-is-layout-9d6595d7 wp-block-columns-is-layout-flex\">\n<div class=\"wp-block-column is-layout-flow wp-block-column-is-layout-flow\"><\/div>\n\n\n\n<div class=\"wp-block-column is-layout-flow wp-block-column-is-layout-flow\" style=\"flex-basis:95%\">\n<ul class=\"wp-block-list\"><li>beleidigende, feindliche, rassistische oder pornographische Inhalte,<\/li><li>gesetzlich gesch\u00fctzte Inhalte, insbesondere durch das Urheber- und Markenrecht, die ohne Berechtigung verwendet werden.<\/li><\/ul>\n<\/div>\n<\/div>\n\n\n\n<ol class=\"wp-block-list\" start=\"3\"><li>Verst\u00f6\u00dfe gegen die in \u00a7 6 Abs. 1 und 2 festgelegten Regeln k\u00f6nnen mit L\u00f6schung der Inhalte, Abmahnung oder Sperre des Kontos seitens der Bereichsverantwortlichen oder Administration sanktioniert werden.<\/li><li>Alle Mitglieder verpflichten sich, ihre auf der Webseite erstellten Inhalte (bspw. Seiteninhalte, Forenbeitr\u00e4ge) daraufhin zu \u00fcberpr\u00fcfen, ob diese Angaben enthalten, die sie nicht ver\u00f6ffentlichen m\u00f6chten. Die Inhalte k\u00f6nnen in Suchmaschinen erfasst und damit weltweit zugreifbar werden. Ein Anspruch auf L\u00f6schung oder Korrektur solcher Suchmaschineneintr\u00e4ge seitens des Herausgebers oder der Administration der Webseite ist ausgeschlossen.<\/li><\/ol>\n\n\n\n<div style=\"height:20px\" aria-hidden=\"true\" class=\"wp-block-spacer\"><\/div>\n\n\n\n<p><strong>\u00a7 6 \u00dcbertragung von Nutzungsrechten<\/strong><\/p>\n\n\n\n<ul class=\"wp-block-list\"><li>Das Urheberrecht f\u00fcr Inhalte und Beitr\u00e4ge, soweit diese urheberrechtsschutzf\u00e4hig sind, verbleibt grunds\u00e4tzlich bei den erstellenden Mitgliedern. Die Mitglieder r\u00e4umen den Bereichsverantwortlichen und der Administration jedoch mit Einstellung von Inhalten und Beitr\u00e4gen das Recht ein, diese dauerhaft auf der Webseite vorzuhalten. Zudem haben die Bereichsverantwortlichen und die Administration das Recht, die betreffenden Inhalte zu l\u00f6schen, zu bearbeiten, zu verschieben oder zu schlie\u00dfen.<\/li><li>Die in \u00a7 7 Abs. 1 genannten Nutzungsrechte bleiben auch im Falle eines Ausscheidens aus der Community bestehen.<\/li><\/ul>\n\n\n\n<div style=\"height:20px\" aria-hidden=\"true\" class=\"wp-block-spacer\"><\/div>\n\n\n\n<p><strong>\u00a7 7 Dauer und Beendigung der Mitgliedschaft<\/strong><\/p>\n\n\n\n<ol class=\"wp-block-list\"><li>Die Dauer der Mitgliedschaft in der Community ist unbegrenzt.<\/li><li>Eine Beendigung der Mitgliedschaft der Community erfolgt in Form der L\u00f6schung des Kontos und ist jederzeit bzw. ohne zeitliche Verz\u00f6gerung mittels Bitte an die Administration m\u00f6glich.<\/li><\/ol>\n","protected":false},"excerpt":{"rendered":"<p>Satzung der RefHunter-Community \u00a7 1 Geltungsbereich der Satzung Alle Mitglieder der RefHunter-Community verpflichten sich mit ihrer Registrierung auf der Webseite zur Einhaltung dieser Satzung. \u00a7 2 Zweck Der prim\u00e4re Zweck der RefHunter-Community besteht in den folgenden Aufgaben: Pflege und Weiterentwicklung der Webseite als kostenloses, frei zug\u00e4ngliches Angebot der Information und des fachlichen Austauschs zum Thema &hellip; <a href=\"https:\/\/refhunter.org\/en\/satzung\/\">Continued<\/a><\/p>\n","protected":false},"author":4,"featured_media":0,"parent":0,"menu_order":0,"comment_status":"closed","ping_status":"closed","template":"page-community.blade.php","meta":{"_acf_changed":false,"inline_featured_image":false,"footnotes":""},"class_list":["post-10890","page","type-page","status-publish","hentry"],"acf":[],"_links":{"self":[{"href":"https:\/\/refhunter.org\/en\/wp-json\/wp\/v2\/pages\/10890","targetHints":{"allow":["GET"]}}],"collection":[{"href":"https:\/\/refhunter.org\/en\/wp-json\/wp\/v2\/pages"}],"about":[{"href":"https:\/\/refhunter.org\/en\/wp-json\/wp\/v2\/types\/page"}],"author":[{"embeddable":true,"href":"https:\/\/refhunter.org\/en\/wp-json\/wp\/v2\/users\/4"}],"replies":[{"embeddable":true,"href":"https:\/\/refhunter.org\/en\/wp-json\/wp\/v2\/comments?post=10890"}],"version-history":[{"count":4,"href":"https:\/\/refhunter.org\/en\/wp-json\/wp\/v2\/pages\/10890\/revisions"}],"predecessor-version":[{"id":13337,"href":"https:\/\/refhunter.org\/en\/wp-json\/wp\/v2\/pages\/10890\/revisions\/13337"}],"wp:attachment":[{"href":"https:\/\/refhunter.org\/en\/wp-json\/wp\/v2\/media?parent=10890"}],"curies":[{"name":"wp","href":"https:\/\/api.w.org\/{rel}","templated":true}]}}