{"id":12371,"date":"2022-06-25T18:51:30","date_gmt":"2022-06-25T16:51:30","guid":{"rendered":"https:\/\/staging.refhunter.org\/?page_id=12371"},"modified":"2024-08-08T23:26:45","modified_gmt":"2024-08-08T21:26:45","slug":"disclaimer-nutzungsbedingungen","status":"publish","type":"page","link":"https:\/\/refhunter.org\/en\/disclaimer-nutzungsbedingungen\/","title":{"rendered":"Nutzungsbedingungen"},"content":{"rendered":"\n<div style=\"height:40px\" aria-hidden=\"true\" class=\"wp-block-spacer\"><\/div>\n\n\n\n<p>RefHunter ist mit der&nbsp;Lizenz&nbsp;<strong>CC-BY-SA <\/strong>versehen. Dies bedeutet, dass die Seiteninformationen bzw. -inhalte weiterverbreitet, kopiert, ver\u00f6ffentlicht, vorgef\u00fchrt und bearbeitet bzw. ver\u00e4ndert werden k\u00f6nnen, wenn die folgenden beiden Bedingungen erf\u00fcllt werden:<\/p>\n\n\n\n<ol class=\"wp-block-list\">\n<li>Die Autoren von RefHunter werden als Urheber benannt (siehe <a href=\"https:\/\/refhunter.org\/hilfe\/\" data-type=\"link\" data-id=\"https:\/\/refhunter.org\/hilfe\/\" target=\"_blank\" rel=\"noreferrer noopener\">Zitiervorschlag<\/a>) und es wird auf die Webseite (<a href=\"https:\/\/www.refhunter.org\" target=\"_blank\" rel=\"noreferrer noopener\">www.refhunter.org<\/a>) verwiesen bzw. verlinkt.<\/li>\n\n\n\n<li>Wenn Seiteninhalte bearbeitet bzw. ver\u00e4ndert werden, muss das daraus entstandene Werk unter derselben Lizenz wie die oben benannte (CC-BY-SA) weitergegeben werden.<\/li>\n<\/ol>\n\n\n\n<p>Eine Verlinkung auf unsere Webseite ist ausdr\u00fccklich erw\u00fcnscht und ben\u00f6tigt keine Zustimmung.<\/p>\n\n\n\n<p>Es ist nicht erlaubt, Kopien der Seitenininhalte an \u00f6ffentlich frei zug\u00e4nglichen Orten hochzuladen. Dies ist aufgrund der freien Verf\u00fcgbarkeit aller Informationen auf unserer Webseite obsolet.<\/p>\n\n\n\n<p>Sollte es Fragen oder Unklarheiten zur Verwendung der Inhalte von RefHunter geben, kannst du dich jederzeit an uns wenden (<a href=\"mailto:info@refhunter.org\" data-type=\"URL\" data-id=\"https:\/\/refhunter.org\/kontakt\/\" target=\"_blank\" rel=\"noreferrer noopener\">info@refhunter.org<\/a>).<\/p>\n\n\n\n<p>Unabh\u00e4ngig von der relativ freien Verwendung freuen wir uns \u00fcber R\u00fcckmeldungen, wie und in welchem Bereich die Seiteninhalte eingesetzt werden. Diese R\u00fcckmeldungen helfen uns, die Verwendung von RefHunter zu evaluieren.<\/p>\n","protected":false},"excerpt":{"rendered":"<p>RefHunter ist mit der&nbsp;Lizenz&nbsp;CC-BY-SA versehen. Dies bedeutet, dass die Seiteninformationen bzw. -inhalte weiterverbreitet, kopiert, ver\u00f6ffentlicht, vorgef\u00fchrt und bearbeitet bzw. ver\u00e4ndert werden k\u00f6nnen, wenn die folgenden beiden Bedingungen erf\u00fcllt werden: Eine Verlinkung auf unsere Webseite ist ausdr\u00fccklich erw\u00fcnscht und ben\u00f6tigt keine Zustimmung. Es ist nicht erlaubt, Kopien der Seitenininhalte an \u00f6ffentlich frei zug\u00e4nglichen Orten hochzuladen. Dies &hellip; <a href=\"https:\/\/refhunter.org\/en\/disclaimer-nutzungsbedingungen\/\">Continued<\/a><\/p>\n","protected":false},"author":4,"featured_media":0,"parent":0,"menu_order":0,"comment_status":"closed","ping_status":"closed","template":"","meta":{"_acf_changed":false,"inline_featured_image":false,"footnotes":""},"class_list":["post-12371","page","type-page","status-publish","hentry"],"acf":[],"_links":{"self":[{"href":"https:\/\/refhunter.org\/en\/wp-json\/wp\/v2\/pages\/12371","targetHints":{"allow":["GET"]}}],"collection":[{"href":"https:\/\/refhunter.org\/en\/wp-json\/wp\/v2\/pages"}],"about":[{"href":"https:\/\/refhunter.org\/en\/wp-json\/wp\/v2\/types\/page"}],"author":[{"embeddable":true,"href":"https:\/\/refhunter.org\/en\/wp-json\/wp\/v2\/users\/4"}],"replies":[{"embeddable":true,"href":"https:\/\/refhunter.org\/en\/wp-json\/wp\/v2\/comments?post=12371"}],"version-history":[{"count":10,"href":"https:\/\/refhunter.org\/en\/wp-json\/wp\/v2\/pages\/12371\/revisions"}],"predecessor-version":[{"id":16870,"href":"https:\/\/refhunter.org\/en\/wp-json\/wp\/v2\/pages\/12371\/revisions\/16870"}],"wp:attachment":[{"href":"https:\/\/refhunter.org\/en\/wp-json\/wp\/v2\/media?parent=12371"}],"curies":[{"name":"wp","href":"https:\/\/api.w.org\/{rel}","templated":true}]}}