{"id":3015,"date":"2021-09-17T19:57:23","date_gmt":"2021-09-17T17:57:23","guid":{"rendered":"https:\/\/refhunter.dailyvoid.de\/?page_id=3015"},"modified":"2024-08-08T23:18:50","modified_gmt":"2024-08-08T21:18:50","slug":"impressum","status":"publish","type":"page","link":"https:\/\/refhunter.org\/en\/impressum\/","title":{"rendered":"Impressum \/ Disclaimer"},"content":{"rendered":"\n<div style=\"height:50px\" aria-hidden=\"true\" class=\"wp-block-spacer\"><\/div>\n\n\n\n<h3 class=\"wp-block-heading has-text-align-center\">Impressum<\/h3>\n\n\n\n<div style=\"height:20px\" aria-hidden=\"true\" class=\"wp-block-spacer\"><\/div>\n\n\n\n<div class=\"wp-block-columns is-layout-flex wp-container-core-columns-is-layout-9d6595d7 wp-block-columns-is-layout-flex\">\n<div class=\"wp-block-column is-layout-flow wp-block-column-is-layout-flow\"><\/div>\n\n\n\n<div class=\"wp-block-column is-layout-flow wp-block-column-is-layout-flow\">\n<p><strong>Anschrift:<br><\/strong>EbM-Netzwerk &#8211; Netzwerk Evidenzbasierte Medizin e.V.<br>Schumannstra\u00dfe 9<br>10117 Berlin<\/p>\n\n\n\n<p><strong>E-Mail:<\/strong> <a href=\"mailto:kontakt@ebm-netzwerk.de\">kontakt&lt;at&gt;ebm-netzwerk.de<\/a><\/p>\n\n\n\n<p><strong>Telefon:<\/strong> + 49 (0)30-30833660<\/p>\n<\/div>\n\n\n\n<div class=\"wp-block-column is-layout-flow wp-block-column-is-layout-flow\"><\/div>\n<\/div>\n\n\n\n<div style=\"height:40px\" aria-hidden=\"true\" class=\"wp-block-spacer\"><\/div>\n\n\n\n<h3 class=\"wp-block-heading has-text-align-center\">Disclaimer<\/h3>\n\n\n\n<div style=\"height:20px\" aria-hidden=\"true\" class=\"wp-block-spacer\"><\/div>\n\n\n\n<p>Obwohl die Inhalte dieser Webseite von den Verantwortlichen mit gro\u00dfer Sorgfalt erstellt und gepr\u00fcft werden, kann keine Garantie auf absolute Richtigkeit, Vollst\u00e4ndigkeit oder Aktualit\u00e4t gegeben werden.<\/p>\n","protected":false},"excerpt":{"rendered":"<p>Impressum Anschrift:EbM-Netzwerk &#8211; Netzwerk Evidenzbasierte Medizin e.V.Schumannstra\u00dfe 910117 Berlin E-Mail: kontakt&lt;at&gt;ebm-netzwerk.de Telefon: + 49 (0)30-30833660 Disclaimer Obwohl die Inhalte dieser Webseite von den Verantwortlichen mit gro\u00dfer Sorgfalt erstellt und gepr\u00fcft werden, kann keine Garantie auf absolute Richtigkeit, Vollst\u00e4ndigkeit oder Aktualit\u00e4t gegeben werden.<\/p>\n","protected":false},"author":1,"featured_media":0,"parent":0,"menu_order":0,"comment_status":"closed","ping_status":"closed","template":"","meta":{"_acf_changed":false,"inline_featured_image":false,"footnotes":""},"class_list":["post-3015","page","type-page","status-publish","hentry"],"acf":[],"_links":{"self":[{"href":"https:\/\/refhunter.org\/en\/wp-json\/wp\/v2\/pages\/3015","targetHints":{"allow":["GET"]}}],"collection":[{"href":"https:\/\/refhunter.org\/en\/wp-json\/wp\/v2\/pages"}],"about":[{"href":"https:\/\/refhunter.org\/en\/wp-json\/wp\/v2\/types\/page"}],"author":[{"embeddable":true,"href":"https:\/\/refhunter.org\/en\/wp-json\/wp\/v2\/users\/1"}],"replies":[{"embeddable":true,"href":"https:\/\/refhunter.org\/en\/wp-json\/wp\/v2\/comments?post=3015"}],"version-history":[{"count":9,"href":"https:\/\/refhunter.org\/en\/wp-json\/wp\/v2\/pages\/3015\/revisions"}],"predecessor-version":[{"id":16868,"href":"https:\/\/refhunter.org\/en\/wp-json\/wp\/v2\/pages\/3015\/revisions\/16868"}],"wp:attachment":[{"href":"https:\/\/refhunter.org\/en\/wp-json\/wp\/v2\/media?parent=3015"}],"curies":[{"name":"wp","href":"https:\/\/api.w.org\/{rel}","templated":true}]}}