{"id":5841,"date":"2022-03-18T11:09:49","date_gmt":"2022-03-18T10:09:49","guid":{"rendered":"https:\/\/refhunter.dailyvoid.de\/registrieren\/"},"modified":"2023-01-25T16:22:37","modified_gmt":"2023-01-25T15:22:37","slug":"registrieren","status":"publish","type":"page","link":"https:\/\/refhunter.org\/en\/registrieren\/","title":{"rendered":"Registrieren"},"content":{"rendered":"\n<h2 class=\"has-text-align-center has-blue-background-color has-background wp-block-heading\">Hinweis!!!<\/h2>\n\n\n\n<h3 class=\"has-text-align-center wp-block-heading\"><strong>Ein Log-In bzw. eine Registrierung sind nur notwendig, wenn du im Forum schreiben oder \u00c4nderungsvorschl\u00e4ge f\u00fcr Datenbank\u00fcbersichten einreichen m\u00f6chtest.<\/strong> <strong>Alle anderen Funktionen der Webseite k\u00f6nnen frei und ohne Registrierung genutzt werden.<\/strong><\/h3>\n","protected":false},"excerpt":{"rendered":"<p>Hinweis!!! Ein Log-In bzw. eine Registrierung sind nur notwendig, wenn du im Forum schreiben oder \u00c4nderungsvorschl\u00e4ge f\u00fcr Datenbank\u00fcbersichten einreichen m\u00f6chtest. Alle anderen Funktionen der Webseite k\u00f6nnen frei und ohne Registrierung genutzt werden.<\/p>\n","protected":false},"author":1,"featured_media":0,"parent":0,"menu_order":0,"comment_status":"closed","ping_status":"closed","template":"","meta":{"_acf_changed":false,"inline_featured_image":false,"footnotes":""},"class_list":["post-5841","page","type-page","status-publish","hentry"],"acf":[],"_links":{"self":[{"href":"https:\/\/refhunter.org\/en\/wp-json\/wp\/v2\/pages\/5841","targetHints":{"allow":["GET"]}}],"collection":[{"href":"https:\/\/refhunter.org\/en\/wp-json\/wp\/v2\/pages"}],"about":[{"href":"https:\/\/refhunter.org\/en\/wp-json\/wp\/v2\/types\/page"}],"author":[{"embeddable":true,"href":"https:\/\/refhunter.org\/en\/wp-json\/wp\/v2\/users\/1"}],"replies":[{"embeddable":true,"href":"https:\/\/refhunter.org\/en\/wp-json\/wp\/v2\/comments?post=5841"}],"version-history":[{"count":7,"href":"https:\/\/refhunter.org\/en\/wp-json\/wp\/v2\/pages\/5841\/revisions"}],"predecessor-version":[{"id":15093,"href":"https:\/\/refhunter.org\/en\/wp-json\/wp\/v2\/pages\/5841\/revisions\/15093"}],"wp:attachment":[{"href":"https:\/\/refhunter.org\/en\/wp-json\/wp\/v2\/media?parent=5841"}],"curies":[{"name":"wp","href":"https:\/\/api.w.org\/{rel}","templated":true}]}}